{"id":17433,"date":"2013-12-05T13:25:36","date_gmt":"2013-12-05T12:25:36","guid":{"rendered":"https:\/\/www.expoalfombrairan.com\/appraisal-valuation-and-appraisal-of-carpets\/"},"modified":"2024-12-26T10:51:27","modified_gmt":"2024-12-26T09:51:27","slug":"appraisal-valuation-and-appraisal-of-carpets","status":"publish","type":"page","link":"https:\/\/www.expoalfombrairan.com\/en\/our-services\/appraisal-valuation-and-appraisal-of-carpets\/","title":{"rendered":"Appraisal, valuation and appraisal of carpets"},"content":{"rendered":"<p>[et_pb_section fb_built=&#8221;1&#8243; fullwidth=&#8221;on&#8221; _builder_version=&#8221;4.16&#8243; box_shadow_style=&#8221;preset1&#8243; global_colors_info=&#8221;{}&#8221;][et_pb_fullwidth_header title=&#8221;Appraisal, valuation and appraisal of Persian and Oriental carpets and kilims&#8221; content_max_width=&#8221;50%&#8221; content_max_width_tablet=&#8221;&#8221; content_max_width_phone=&#8221;70%&#8221; content_max_width_last_edited=&#8221;on|phone&#8221; _builder_version=&#8221;4.27.4&#8243; title_font=&#8221;|800|||||||&#8221; title_text_align=&#8221;left&#8221; title_letter_spacing=&#8221;5px&#8221; background_image=&#8221;https:\/\/www.expoalfombrairan.com\/wp-content\/uploads\/P\u00e9rito-de-alfombras-en-barcelona.jpg&#8221; background_layout=&#8221;light&#8221; hover_enabled=&#8221;0&#8243; title_letter_spacing_tablet=&#8221;0px&#8221; title_letter_spacing_phone=&#8221;&#8221; title_letter_spacing_last_edited=&#8221;on|desktop&#8221; global_colors_info=&#8221;{}&#8221; sticky_enabled=&#8221;0&#8243;][\/et_pb_fullwidth_header][\/et_pb_section][et_pb_section fb_built=&#8221;1&#8243; _builder_version=&#8221;4.16&#8243; custom_padding=&#8221;54px|0px|0|0px|false|false&#8221; global_colors_info=&#8221;{}&#8221;][et_pb_row _builder_version=&#8221;4.16&#8243; background_size=&#8221;initial&#8221; background_position=&#8221;top_left&#8221; background_repeat=&#8221;repeat&#8221; global_colors_info=&#8221;{}&#8221;][et_pb_column type=&#8221;4_4&#8243; _builder_version=&#8221;4.16&#8243; custom_padding=&#8221;|||&#8221; global_colors_info=&#8221;{}&#8221; custom_padding__hover=&#8221;|||&#8221;][et_pb_text _builder_version=&#8221;4.27.4&#8243; hover_enabled=&#8221;0&#8243; global_colors_info=&#8221;{}&#8221; sticky_enabled=&#8221;0&#8243;]<\/p>\n<p><strong>Disponemos de un experto servicio que evaluar\u00e1 y certificar\u00e1 su alfombra facilit\u00e1ndole un completo informe sellado en caso de que lo necesite para posibles gestiones ante el seguro, herencias, ventas.<\/strong><\/p>\n<p>As\u00ed mismo realizamos informes periciales para las principales aseguradoras del pa\u00eds a fin de lograr la correcta identificaci\u00f3n y evaluaci\u00f3n del precio, origen y caracter\u00edsticas de cualquier alfombra. Para solicitar una tasaci\u00f3n o cualquier consulta respecto al origen de su alfombra, p\u00f3ngase en <strong><a title=\"CONTACTO\" href=\"https:\/\/www.expoalfombrairan.com\/contacto\/\">contacto<\/a><\/strong> con nosotros o ll\u00e1menos al n\u00famero:\u00a0<strong><a href=\"tel:+34932099580\">932099580<\/a><\/strong><\/p>\n<p>Omid Sayari de Expo Alfombra Ir\u00e1n, es hoy por hoy el \u00fanico perito y tasador judicial de alfombras y kilims persas orientales en Catalu\u00f1a reconocido e inscrito.<\/p>\n<p>[\/et_pb_text][et_pb_button button_url=&#8221;https:\/\/www.expoalfombrairan.com\/en\/contact\/&#8221; button_text=&#8221;Make an inquiry&#8221; button_alignment=&#8221;center&#8221; _builder_version=&#8221;4.16&#8243; saved_tabs=&#8221;all&#8221; global_colors_info=&#8221;{}&#8221;]<\/p>\n<p>[\/et_pb_button][et_pb_button button_url=&#8221;tel:932099580&#8243; button_text=&#8221;Call us&#8221; button_alignment=&#8221;center&#8221; disabled_on=&#8221;|on|on&#8221; _builder_version=&#8221;4.16&#8243; saved_tabs=&#8221;all&#8221; global_colors_info=&#8221;{}&#8221;]<\/p>\n<p>[\/et_pb_button][\/et_pb_column][\/et_pb_row][\/et_pb_section]<\/p>\n","protected":false},"excerpt":{"rendered":"<p>Disponemos de un experto servicio que evaluar\u00e1 y certificar\u00e1 su alfombra facilit\u00e1ndole un completo informe sellado en caso de que lo necesite para posibles gestiones ante el seguro, herencias, ventas. As\u00ed mismo realizamos informes periciales para las principales aseguradoras del pa\u00eds a fin de lograr la correcta identificaci\u00f3n y evaluaci\u00f3n del precio, origen y caracter\u00edsticas [&hellip;]<\/p>\n","protected":false},"author":1,"featured_media":12870,"parent":17559,"menu_order":0,"comment_status":"closed","ping_status":"closed","template":"","meta":{"_et_pb_use_builder":"on","_et_pb_old_content":"","_et_gb_content_width":"","footnotes":""},"class_list":["post-17433","page","type-page","status-publish","has-post-thumbnail","hentry"],"_links":{"self":[{"href":"https:\/\/www.expoalfombrairan.com\/en\/wp-json\/wp\/v2\/pages\/17433","targetHints":{"allow":["GET"]}}],"collection":[{"href":"https:\/\/www.expoalfombrairan.com\/en\/wp-json\/wp\/v2\/pages"}],"about":[{"href":"https:\/\/www.expoalfombrairan.com\/en\/wp-json\/wp\/v2\/types\/page"}],"author":[{"embeddable":true,"href":"https:\/\/www.expoalfombrairan.com\/en\/wp-json\/wp\/v2\/users\/1"}],"replies":[{"embeddable":true,"href":"https:\/\/www.expoalfombrairan.com\/en\/wp-json\/wp\/v2\/comments?post=17433"}],"version-history":[{"count":0,"href":"https:\/\/www.expoalfombrairan.com\/en\/wp-json\/wp\/v2\/pages\/17433\/revisions"}],"up":[{"embeddable":true,"href":"https:\/\/www.expoalfombrairan.com\/en\/wp-json\/wp\/v2\/pages\/17559"}],"wp:featuredmedia":[{"embeddable":true,"href":"https:\/\/www.expoalfombrairan.com\/en\/wp-json\/wp\/v2\/media\/12870"}],"wp:attachment":[{"href":"https:\/\/www.expoalfombrairan.com\/en\/wp-json\/wp\/v2\/media?parent=17433"}],"curies":[{"name":"wp","href":"https:\/\/api.w.org\/{rel}","templated":true}]}}